{"id":79,"date":"2015-03-26T18:38:24","date_gmt":"2015-03-26T16:38:24","guid":{"rendered":"http:\/\/www.360grad-fotografie.com\/?page_id=79"},"modified":"2018-06-17T20:08:47","modified_gmt":"2018-06-17T18:08:47","slug":"ich-suche-dich-gesucht-i-want-you","status":"publish","type":"page","link":"https:\/\/www.360grad-fotografie.com\/?page_id=79","title":{"rendered":"ICH SUCHE DICH &#8211; GESUCHT &#8211; I WANT YOU"},"content":{"rendered":"<h5>Du m\u00f6chtest ausdrucksstarke und pers\u00f6nliche Bilder von dir \u2026<\/h5>\n<p>&nbsp;<\/p>\n<p>Ich suche interessante Menschen mit Spa\u00df und Freude am Leben f\u00fcr ein TFP Fotoshooting. Egal ob du klein oder gro\u00df, dick oder d\u00fcnn, alt oder jung bist \u2013 das spielt alles keine Rolle.<br \/>\nDu solltest nur gute Laune, ein sympathisches \u00c4u\u00dferes, ein bisschen Zeit und Spa\u00df am Fotografieren haben.<\/p>\n<p><strong>Was ist ein TFP Shooting?<\/strong><\/p>\n<p>TFP ist die Abk\u00fcrzung f\u00fcr \u201cTime for Print\u201d oder auch \u201cTime for Picture\u201d. Das bedeutet, du musst kein Geld, sondern nur Zeit f\u00fcr das Fotoshooting investieren und erkl\u00e4rst dich im Gegenzug bereit, dass ich die Fotos als Referenz nutzen darf. Selbstverst\u00e4ndlich bekommst du am Ende deine Fotos auch zur eigenen Verwendung mit nach hause.<\/p>\n<p>&nbsp;<\/p>\n<p><strong>Du hast Lust auf ein Shooting bekommen und m\u00f6chtest einen Termin vereinbaren.<br \/>\nDann melde dich unter: hello@360grad-fotografie.com<\/strong><\/p>\n","protected":false},"excerpt":{"rendered":"<p>Du m\u00f6chtest ausdrucksstarke und pers\u00f6nliche Bilder von dir \u2026 &nbsp; Ich suche interessante Menschen mit Spa\u00df und Freude am Leben f\u00fcr ein TFP Fotoshooting. Egal ob du klein oder gro\u00df, dick oder d\u00fcnn, alt oder jung bist \u2013 das spielt [&hellip;]<\/p>\n","protected":false},"author":1,"featured_media":132,"parent":0,"menu_order":0,"comment_status":"closed","ping_status":"closed","template":"","meta":[],"_links":{"self":[{"href":"https:\/\/www.360grad-fotografie.com\/index.php?rest_route=\/wp\/v2\/pages\/79"}],"collection":[{"href":"https:\/\/www.360grad-fotografie.com\/index.php?rest_route=\/wp\/v2\/pages"}],"about":[{"href":"https:\/\/www.360grad-fotografie.com\/index.php?rest_route=\/wp\/v2\/types\/page"}],"author":[{"embeddable":true,"href":"https:\/\/www.360grad-fotografie.com\/index.php?rest_route=\/wp\/v2\/users\/1"}],"replies":[{"embeddable":true,"href":"https:\/\/www.360grad-fotografie.com\/index.php?rest_route=%2Fwp%2Fv2%2Fcomments&post=79"}],"version-history":[{"count":21,"href":"https:\/\/www.360grad-fotografie.com\/index.php?rest_route=\/wp\/v2\/pages\/79\/revisions"}],"predecessor-version":[{"id":438,"href":"https:\/\/www.360grad-fotografie.com\/index.php?rest_route=\/wp\/v2\/pages\/79\/revisions\/438"}],"wp:featuredmedia":[{"embeddable":true,"href":"https:\/\/www.360grad-fotografie.com\/index.php?rest_route=\/wp\/v2\/media\/132"}],"wp:attachment":[{"href":"https:\/\/www.360grad-fotografie.com\/index.php?rest_route=%2Fwp%2Fv2%2Fmedia&parent=79"}],"curies":[{"name":"wp","href":"https:\/\/api.w.org\/{rel}","templated":true}]}}